{"id":1143,"date":"2024-05-30T14:36:24","date_gmt":"2024-05-30T14:36:24","guid":{"rendered":"https:\/\/www.capstonetrade.hu\/en\/?page_id=1143"},"modified":"2024-05-30T15:19:10","modified_gmt":"2024-05-30T15:19:10","slug":"tamogatasok","status":"publish","type":"page","link":"https:\/\/www.capstonetrade.hu\/en\/tamogatasok\/","title":{"rendered":"T\u00e1mogat\u00e1sok"},"content":{"rendered":"<section class=\"wpb-content-wrapper\">[vc_row][vc_column][cms_heading text=&#8221;T\u00e1mogat\u00e1sok&#8221; align_lg=&#8221;align-center&#8221; align_md=&#8221;align-center-md&#8221; align_sm=&#8221;align-center-sm&#8221; align_xs=&#8221;align-center-xs&#8221; font_size=&#8221;48&#8243; font_size_md=&#8221;48&#8243; font_size_sm=&#8221;48&#8243; font_size_xs=&#8221;40&#8243; font_weight=&#8221;&#8221; divider=&#8221;divider1&#8243; text_color=&#8221;#3a3a3a&#8221;][\/vc_column][\/vc_row][vc_row css=&#8221;.vc_custom_1717082305923{border-top-width: 20px !important;}&#8221;][vc_column][cms_heading text=&#8221;Mikro-, kis- \u00e9s k\u00f6z\u00e9pv\u00e1llalkoz\u00e1sok technol\u00f3giai korszer\u0171s\u00edt\u00e9se c\u00e9l\u00fa Hitelprogram&#8221; align_lg=&#8221;align-right&#8221; align_md=&#8221;align-right-md&#8221; align_sm=&#8221;align-right-sm&#8221; align_xs=&#8221;align-right-xs&#8221; font_size=&#8221;24&#8243; font_size_md=&#8221;24&#8243; font_size_sm=&#8221;24&#8243; font_size_xs=&#8221;20&#8243; font_weight=&#8221;&#8221; text_color=&#8221;#3a3a3a&#8221;][vc_row_inner][vc_column_inner width=&#8221;2\/3&#8243;][vc_column_text]\n<p style=\"text-align: left;\"><strong>V\u00e9gs\u0151 kedvezm\u00e9nyezett neve:<\/strong> Capstone Trade Kft<\/p>\n<p style=\"text-align: left;\"><strong>Projekt neve:<\/strong> Mikro-, kis- \u00e9s k\u00f6z\u00e9pv\u00e1llalkoz\u00e1sok technol\u00f3giai korszer\u0171s\u00edt\u00e9se c\u00e9l\u00fa Hitelprogram<\/p>\n<p style=\"text-align: left;\"><strong>A hitelprogram &#8211; Term\u00e9kle\u00edr\u00e1sban szerepl\u0151 &#8211; azonos\u00edt\u00f3 jele:<\/strong> GINOP-8.3.5-18\/B<\/p>\n<p style=\"text-align: left;\"><strong>T\u00e1mogat\u00e1s \u00f6sszege:<\/strong><\/p>\n<p style=\"text-align: left;\">K\u00f6lcs\u00f6n \u00f6sszege 87.175.500,- Ft, azaz Nyolcvanh\u00e9tmilli\u00f3-egysz\u00e1zhetven\u00f6tezer-\u00f6tsz\u00e1z<\/p>\n<p style=\"text-align: left;\">A finansz\u00edroz\u00e1s a Covid19-vil\u00e1gj\u00e1rv\u00e1nyra adott uni\u00f3s v\u00e1lasz r\u00e9szek\u00e9nt t\u00f6rt\u00e9nik<\/p>\n[\/vc_column_text][\/vc_column_inner][vc_column_inner width=&#8221;1\/3&#8243;][vc_single_image image=&#8221;1147&#8243; img_size=&#8221;full&#8221; alignment=&#8221;right&#8221;][\/vc_column_inner][\/vc_row_inner][\/vc_column][\/vc_row]\n<\/section>","protected":false},"excerpt":{"rendered":"<p>[vc_row][vc_column][cms_heading text=&#8221;T\u00e1mogat\u00e1sok&#8221; align_lg=&#8221;align-center&#8221; align_md=&#8221;align-center-md&#8221; align_sm=&#8221;align-center-sm&#8221; align_xs=&#8221;align-center-xs&#8221; font_size=&#8221;48&#8243; font_size_md=&#8221;48&#8243; font_size_sm=&#8221;48&#8243; font_size_xs=&#8221;40&#8243; font_weight=&#8221;&#8221; divider=&#8221;divider1&#8243; text_color=&#8221;#3a3a3a&#8221;][\/vc_column][\/vc_row][vc_row css=&#8221;.vc_custom_1717082305923{border-top-width: 20px !important;}&#8221;][vc_column][cms_heading text=&#8221;Mikro-, kis- \u00e9s k\u00f6z\u00e9pv\u00e1llalkoz\u00e1sok technol\u00f3giai korszer\u0171s\u00edt\u00e9se c\u00e9l\u00fa Hitelprogram&#8221; align_lg=&#8221;align-right&#8221; align_md=&#8221;align-right-md&#8221; align_sm=&#8221;align-right-sm&#8221; align_xs=&#8221;align-right-xs&#8221; font_size=&#8221;24&#8243; font_size_md=&#8221;24&#8243; font_size_sm=&#8221;24&#8243; font_size_xs=&#8221;20&#8243; font_weight=&#8221;&#8221; text_color=&#8221;#3a3a3a&#8221;][vc_row_inner][vc_column_inner width=&#8221;2\/3&#8243;][vc_column_text] V\u00e9gs\u0151 kedvezm\u00e9nyezett neve: Capstone Trade Kft Projekt neve: Mikro-, kis- \u00e9s k\u00f6z\u00e9pv\u00e1llalkoz\u00e1sok technol\u00f3giai korszer\u0171s\u00edt\u00e9se c\u00e9l\u00fa Hitelprogram A hitelprogram &#8211; Term\u00e9kle\u00edr\u00e1sban [&hellip;]<\/p>\n","protected":false},"author":1,"featured_media":0,"parent":0,"menu_order":0,"comment_status":"closed","ping_status":"closed","template":"","meta":{"footnotes":""},"class_list":["post-1143","page","type-page","status-publish","hentry"],"_links":{"self":[{"href":"https:\/\/www.capstonetrade.hu\/en\/wp-json\/wp\/v2\/pages\/1143","targetHints":{"allow":["GET"]}}],"collection":[{"href":"https:\/\/www.capstonetrade.hu\/en\/wp-json\/wp\/v2\/pages"}],"about":[{"href":"https:\/\/www.capstonetrade.hu\/en\/wp-json\/wp\/v2\/types\/page"}],"author":[{"embeddable":true,"href":"https:\/\/www.capstonetrade.hu\/en\/wp-json\/wp\/v2\/users\/1"}],"replies":[{"embeddable":true,"href":"https:\/\/www.capstonetrade.hu\/en\/wp-json\/wp\/v2\/comments?post=1143"}],"version-history":[{"count":5,"href":"https:\/\/www.capstonetrade.hu\/en\/wp-json\/wp\/v2\/pages\/1143\/revisions"}],"predecessor-version":[{"id":1149,"href":"https:\/\/www.capstonetrade.hu\/en\/wp-json\/wp\/v2\/pages\/1143\/revisions\/1149"}],"wp:attachment":[{"href":"https:\/\/www.capstonetrade.hu\/en\/wp-json\/wp\/v2\/media?parent=1143"}],"curies":[{"name":"wp","href":"https:\/\/api.w.org\/{rel}","templated":true}]}}