{"id":270,"date":"2018-08-01T03:09:31","date_gmt":"2018-08-01T03:09:31","guid":{"rendered":"http:\/\/demo.casethemes.net\/unfinityplus-finance\/?page_id=270"},"modified":"2025-04-02T11:39:08","modified_gmt":"2025-04-02T11:39:08","slug":"home","status":"publish","type":"page","link":"https:\/\/www.capstonetrade.hu\/en\/","title":{"rendered":"Home"},"content":{"rendered":"<section class=\"wpb-content-wrapper\">[vc_row full_width=&#8221;stretch_row_content_no_spaces&#8221; el_id=&#8221;section-home&#8221;][vc_column][rev_slider_vc alias=&#8221;home-1&#8243;][\/vc_column][\/vc_row][vc_row el_id=&#8221;rolunk&#8221;][vc_column css=&#8221;.vc_custom_1675735987671{padding-top: 73px !important;padding-bottom: 20px !important;}&#8221;][cms_heading text=&#8221;About us&#8221; align_lg=&#8221;align-center&#8221; align_md=&#8221;align-center-md&#8221; align_sm=&#8221;align-center-sm&#8221; align_xs=&#8221;align-center-xs&#8221; font_size=&#8221;36&#8243; font_size_md=&#8221;36&#8243; font_size_sm=&#8221;36&#8243; font_size_xs=&#8221;30&#8243; font_weight=&#8221;&#8221; divider=&#8221;divider1&#8243; text_color=&#8221;#3a3a3a&#8221;][vc_row_inner][vc_column_inner width=&#8221;1\/2&#8243; css=&#8221;.vc_custom_1676234866538{padding-bottom: 10px !important;}&#8221; animation_column=&#8221;fadeInUp&#8221;][vc_single_image image=&#8221;1161&#8243; img_size=&#8221;full&#8221; css_animation=&#8221;left-to-right&#8221; ct_image_align_md=&#8221;image_align_sm_left&#8221;][\/vc_column_inner][vc_column_inner width=&#8221;1\/2&#8243;][vc_column_text css_animation=&#8221;right-to-left&#8221; css=&#8221;.vc_custom_1721823478074{padding-left: 20px !important;}&#8221;]\n<p style=\"text-align: left;\">As a member of the Capstone group of companies, with headquarters in G\u00f6d\u00f6ll\u0151, we deal with the purchase, storage and trade of grains and oilseeds.<\/p>\n<p style=\"text-align: left;\">The leaders of our group have been working at the Hungarian and international forefront of the profession for nearly 30 years. We have more than 30,000 tonnes of storage capacity under our own ownership and can rely on an extensive national and international network, whether in the commercial, logistical or financial fields. We support our partners, we understand their needs and know their problems through our plant growing and livestock farms, which are part of our company group and provide services to our production partners. &#8211; so together we can achieve success.<\/p>\n<p style=\"text-align: left;\">Currently we are purchasing grain and oilseeds from our existing and new partners in two locations in Hungary, in Komj\u00e1ti (Borsod-Aba\u00faj-Zempl\u00e9n county) and in Tevel (Tolna county), to our own warehouses. At the latter location, we also have drying and cleaning capacity, and we also purchase wet corn at both locations.<\/p>\n<p style=\"text-align: left;\">We are constantly expanding our business relationships and looking for new partners throughout the country in our grain and oilseed trading.<\/p>\n<p style=\"text-align: left;\">Our company is ISCC NUTS 2 certified and a member of the Hungarian Grain and Feed Association<\/p>\n[\/vc_column_text][\/vc_column_inner][\/vc_row_inner][vc_single_image image=&#8221;1141&#8243; img_size=&#8221;full&#8221; alignment=&#8221;center&#8221;][\/vc_column][\/vc_row][vc_row full_width=&#8221;stretch_row&#8221; parallax=&#8221;content-moving&#8221; parallax_image=&#8221;238&#8243; parallax_speed_bg=&#8221;1.8&#8243; ct_row_class=&#8221;row-overlay&#8221; cms_row_class=&#8221;row-overlay&#8221; css=&#8221;.vc_custom_1680565343207{padding-top: 40px !important;padding-bottom: 80px !important;}&#8221; el_id=&#8221;tevekenysegeink&#8221;][vc_column css=&#8221;.vc_custom_1675736159939{padding-top: 20px !important;}&#8221;][cms_heading text=&#8221;Our activities&#8221; align_lg=&#8221;align-center&#8221; align_md=&#8221;align-center-md&#8221; align_sm=&#8221;align-center-sm&#8221; align_xs=&#8221;align-center-xs&#8221; font_size=&#8221;36&#8243; font_size_md=&#8221;36&#8243; font_size_sm=&#8221;36&#8243; font_size_xs=&#8221;30&#8243; font_weight=&#8221;&#8221; divider=&#8221;divider1&#8243; text_color=&#8221;#3a3a3a&#8221; margin_top=&#8221;0&#8243; margin_right=&#8221;0&#8243; margin_bottom=&#8221;0&#8243; margin_left=&#8221;0&#8243;][vc_row_inner css=&#8221;.vc_custom_1677027785637{padding-top: 20px !important;}&#8221;][vc_column_inner width=&#8221;1\/3&#8243; animation_column=&#8221;fadeInUp&#8221;][vc_single_image image=&#8221;1164&#8243; img_size=&#8221;large&#8221; css_animation=&#8221;left-to-right&#8221; ct_image_align_md=&#8221;image_align_sm_left&#8221;][vc_column_text css_animation=&#8221;right-to-left&#8221; css=&#8221;.vc_custom_1721823792284{padding-left: 20px !important;}&#8221;]\n<p style=\"text-align: center;\"><strong>Grain and oilseed trade<\/strong><\/p>\n[\/vc_column_text][\/vc_column_inner][vc_column_inner width=&#8221;1\/3&#8243;][vc_single_image image=&#8221;1094&#8243; img_size=&#8221;large&#8221; css_animation=&#8221;left-to-right&#8221; ct_image_align_md=&#8221;image_align_sm_left&#8221;][vc_column_text css_animation=&#8221;right-to-left&#8221; css=&#8221;.vc_custom_1721823822611{padding-left: 20px !important;}&#8221;]\n<p style=\"text-align: center;\"><strong>Purchase of grains and oilseeds<\/strong><\/p>\n[\/vc_column_text][\/vc_column_inner][vc_column_inner width=&#8221;1\/3&#8243;][vc_single_image image=&#8221;1101&#8243; img_size=&#8221;large&#8221; css_animation=&#8221;left-to-right&#8221; ct_image_align_md=&#8221;image_align_sm_left&#8221;][vc_column_text css_animation=&#8221;right-to-left&#8221; css=&#8221;.vc_custom_1721823846325{padding-left: 20px !important;}&#8221;]\n<p style=\"text-align: center;\"><strong>Storing of grains and oilseeds<\/strong><\/p>\n[\/vc_column_text][\/vc_column_inner][\/vc_row_inner][\/vc_column][\/vc_row][vc_row full_width=&#8221;stretch_row&#8221; parallax=&#8221;content-moving&#8221; parallax_image=&#8221;238&#8243; parallax_speed_bg=&#8221;1.8&#8243; ct_row_class=&#8221;row-overlay&#8221; cms_row_class=&#8221;row-overlay&#8221; css=&#8221;.vc_custom_1681780967893{padding-top: 20px !important;padding-bottom: 80px !important;}&#8221; el_id=&#8221;cegcsoportunk&#8221;][vc_column css=&#8221;.vc_custom_1675736159939{padding-top: 20px !important;}&#8221;][cms_heading text=&#8221;Our Company&#8221; align_lg=&#8221;align-center&#8221; align_md=&#8221;align-center-md&#8221; align_sm=&#8221;align-center-sm&#8221; align_xs=&#8221;align-center-xs&#8221; font_size=&#8221;36&#8243; font_size_md=&#8221;36&#8243; font_size_sm=&#8221;36&#8243; font_size_xs=&#8221;30&#8243; font_weight=&#8221;&#8221; divider=&#8221;divider1&#8243; text_color=&#8221;#3a3a3a&#8221; margin_top=&#8221;0&#8243; margin_right=&#8221;0&#8243; margin_bottom=&#8221;0&#8243; margin_left=&#8221;0&#8243;][vc_row_inner css=&#8221;.vc_custom_1677027785637{padding-top: 20px !important;}&#8221;][vc_column_inner width=&#8221;1\/3&#8243; animation_column=&#8221;fadeInUp&#8221;][vc_single_image image=&#8221;1021&#8243; img_size=&#8221;large&#8221; onclick=&#8221;custom_link&#8221; img_link_target=&#8221;_blank&#8221; css_animation=&#8221;left-to-right&#8221; ct_image_align_md=&#8221;image_align_sm_left&#8221; link=&#8221;https:\/\/www.capstone-invest.hu\/en\/&#8221;][\/vc_column_inner][vc_column_inner width=&#8221;1\/3&#8243;][vc_single_image image=&#8221;1024&#8243; img_size=&#8221;large&#8221; css_animation=&#8221;left-to-right&#8221; ct_image_align_md=&#8221;image_align_sm_left&#8221;][\/vc_column_inner][vc_column_inner width=&#8221;1\/3&#8243;][vc_single_image image=&#8221;1127&#8243; img_size=&#8221;large&#8221; onclick=&#8221;custom_link&#8221; img_link_target=&#8221;_blank&#8221; css_animation=&#8221;left-to-right&#8221; ct_image_align_md=&#8221;image_align_sm_left&#8221; link=&#8221;https:\/\/bodvaagro.hu\/en\/&#8221;][\/vc_column_inner][\/vc_row_inner][vc_row_inner css=&#8221;.vc_custom_1677027785637{padding-top: 20px !important;}&#8221;][vc_column_inner width=&#8221;1\/3&#8243; animation_column=&#8221;fadeInUp&#8221;][vc_single_image image=&#8221;1078&#8243; img_size=&#8221;large&#8221; onclick=&#8221;custom_link&#8221; img_link_target=&#8221;_blank&#8221; css_animation=&#8221;left-to-right&#8221; ct_image_align_md=&#8221;image_align_sm_left&#8221; link=&#8221;https:\/\/www.tevelagro.hu\/en\/&#8221;][\/vc_column_inner][vc_column_inner width=&#8221;1\/3&#8243;][vc_single_image image=&#8221;1027&#8243; img_size=&#8221;large&#8221; css_animation=&#8221;left-to-right&#8221; ct_image_align_md=&#8221;image_align_sm_left&#8221;][\/vc_column_inner][vc_column_inner width=&#8221;1\/3&#8243;][vc_column_text css_animation=&#8221;right-to-left&#8221; css=&#8221;.vc_custom_1721823879904{padding-left: 20px !important;}&#8221;]\n<p style=\"text-align: center;\"><strong>Several minority stakes in agricultural cooperatives through our farm enterprises<\/strong><\/p>\n[\/vc_column_text][\/vc_column_inner][\/vc_row_inner][\/vc_column][\/vc_row][vc_row el_id=&#8221;karrier&#8221; css=&#8221;.vc_custom_1681781023255{padding-top: 40px !important;}&#8221;][vc_column css=&#8221;.vc_custom_1677028071312{padding-top: 40px !important;padding-bottom: 20px !important;}&#8221;][cms_heading text=&#8221;Careers&#8221; align_lg=&#8221;align-center&#8221; align_md=&#8221;align-center-md&#8221; align_sm=&#8221;align-center-sm&#8221; align_xs=&#8221;align-center-xs&#8221; font_size=&#8221;36&#8243; font_size_md=&#8221;36&#8243; font_size_sm=&#8221;36&#8243; font_size_xs=&#8221;30&#8243; font_weight=&#8221;&#8221; divider=&#8221;divider1&#8243; text_color=&#8221;#3a3a3a&#8221;][vc_row_inner][vc_column_inner width=&#8221;1\/2&#8243; css=&#8221;.vc_custom_1676234866538{padding-bottom: 10px !important;}&#8221; animation_column=&#8221;fadeInUp&#8221;][vc_column_text css_animation=&#8221;right-to-left&#8221; css=&#8221;.vc_custom_1743593902890{padding-left: 20px !important;}&#8221;]Our Group always welcomes inquiries; if you would like to work with us, please apply at <a class=\"fui-Link ___140mk30 f2hkw1w f3rmtva f1ewtqcl fyind8e f1k6fduh f1w7gpdv fk6fouc fjoy568 flh3ekv f1s184ao f1mk8lai fnbmjn9 f1o700av f13mvf36 f1cmlufx f9n3di6 f1ids18y f1tx3yz7 f1deo86v f1eh06m1 f1iescvh fhgqx19 f1olyrje f1p93eir f1nev41a\" tabindex=\"0\" href=\"mailto:info@capstonetrade.hu\" target=\"_blank\" rel=\"noopener\">info@capstonetrade.hu<\/a>.[\/vc_column_text][\/vc_column_inner][vc_column_inner width=&#8221;1\/2&#8243;][vc_single_image image=&#8221;1166&#8243; img_size=&#8221;large&#8221; css_animation=&#8221;left-to-right&#8221; ct_image_align_md=&#8221;image_align_sm_left&#8221;][\/vc_column_inner][\/vc_row_inner][\/vc_column][\/vc_row][vc_row full_width=&#8221;stretch_row&#8221; parallax=&#8221;content-moving&#8221; parallax_image=&#8221;238&#8243; parallax_speed_bg=&#8221;1.8&#8243; ct_row_class=&#8221;row-overlay&#8221; cms_row_class=&#8221;row-overlay&#8221; css=&#8221;.vc_custom_1677032887324{padding-top: 0px !important;padding-bottom: 80px !important;}&#8221;][vc_column css=&#8221;.vc_custom_1675298230913{padding-top: 40px !important;}&#8221;][\/vc_column][\/vc_row][vc_row full_width=&#8221;stretch_row&#8221; parallax=&#8221;content-moving&#8221; parallax_image=&#8221;238&#8243; parallax_speed_bg=&#8221;1.8&#8243; ct_row_class=&#8221;row-overlay&#8221; cms_row_class=&#8221;row-overlay&#8221; css=&#8221;.vc_custom_1717146742203{padding-top: 40px !important;padding-bottom: 80px !important;background-image: url(https:\/\/www.capstonetrade.hu\/en\/wp-content\/uploads\/2023\/02\/bg.jpg?id=886) !important;}&#8221; el_id=&#8221;kapcsolat&#8221;][vc_column width=&#8221;1\/2&#8243; css=&#8221;.vc_custom_1533033549183{padding-top: 40px !important;}&#8221;][vc_raw_html]JTNDaWZyYW1lJTIwc3JjJTNEJTIyaHR0cHMlM0ElMkYlMkZ3d3cuZ29vZ2xlLmNvbSUyRm1hcHMlMkZlbWJlZCUzRnBiJTNEJTIxMW0xOCUyMTFtMTIlMjExbTMlMjExZDUyODIuMjY5MDE5OTM0MjI1JTIxMmQyMC43NDgzMzQ1NTY1NTQyODMlMjEzZDQ4LjU0OTgxNjAyMjM3MTUxJTIxMm0zJTIxMWYwJTIxMmYwJTIxM2YwJTIxM20yJTIxMWkxMDI0JTIxMmk3NjglMjE0ZjEzLjElMjEzbTMlMjExbTIlMjExczB4NDczZjA5NGI5ZGQ4MzkyYiUyNTNBMHhlZjZlZGNkMzZmMGRhZmNlJTIxMnpTMjl0YXNPaGRHa3NJRWRSV0RNclZ6bElMQ0F6TnpZMUlFMWhaM2xoY205eWMzckRvV2MlMjE1ZTAlMjEzbTIlMjExc2h1JTIxMnNlcyUyMTR2MTY4MTgyMDYzMDA5MSUyMTVtMiUyMTFzaHUlMjEyc2VzJTIyJTIwd2lkdGglM0QlMjI2MDAlMjIlMjBoZWlnaHQlM0QlMjI1MTAlMjIlMjBzdHlsZSUzRCUyMmJvcmRlciUzQTAlM0IlMjIlMjBhbGxvd2Z1bGxzY3JlZW4lM0QlMjIlMjIlMjBsb2FkaW5nJTNEJTIybGF6eSUyMiUyMHJlZmVycmVycG9saWN5JTNEJTIybm8tcmVmZXJyZXItd2hlbi1kb3duZ3JhZGUlMjIlM0UlM0MlMkZpZnJhbWUlM0U=[\/vc_raw_html][\/vc_column][vc_column width=&#8221;1\/2&#8243; css=&#8221;.vc_custom_1676236098521{margin-top: -5px !important;padding-top: 40px !important;}&#8221;][cms_heading text=&#8221;Contact&#8221; font_size=&#8221;30&#8243; font_size_md=&#8221;30&#8243; font_size_sm=&#8221;30&#8243; font_size_xs=&#8221;30&#8243; font_weight=&#8221;600&#8243; divider=&#8221;divider1&#8243; text_color=&#8221;#f5f5f5&#8243; description=&#8221;Please provide your details, your commodity to sold \/ message to send and we will get back to You.&#8221; description_color=&#8221;#ffffff&#8221; margin_bottom=&#8221;17&#8243;][vc_empty_space height=&#8221;10px&#8221;][cms_contact_form id=&#8221;1122&#8243;][\/vc_column][\/vc_row]\n<\/section>","protected":false},"excerpt":{"rendered":"<p>[vc_row full_width=&#8221;stretch_row_content_no_spaces&#8221; el_id=&#8221;section-home&#8221;][vc_column][rev_slider_vc alias=&#8221;home-1&#8243;][\/vc_column][\/vc_row][vc_row el_id=&#8221;rolunk&#8221;][vc_column css=&#8221;.vc_custom_1675735987671{padding-top: 73px !important;padding-bottom: 20px !important;}&#8221;][cms_heading text=&#8221;About us&#8221; align_lg=&#8221;align-center&#8221; align_md=&#8221;align-center-md&#8221; align_sm=&#8221;align-center-sm&#8221; align_xs=&#8221;align-center-xs&#8221; font_size=&#8221;36&#8243; font_size_md=&#8221;36&#8243; font_size_sm=&#8221;36&#8243; font_size_xs=&#8221;30&#8243; font_weight=&#8221;&#8221; divider=&#8221;divider1&#8243; text_color=&#8221;#3a3a3a&#8221;][vc_row_inner][vc_column_inner width=&#8221;1\/2&#8243; css=&#8221;.vc_custom_1676234866538{padding-bottom: 10px !important;}&#8221; animation_column=&#8221;fadeInUp&#8221;][vc_single_image image=&#8221;1161&#8243; img_size=&#8221;full&#8221; css_animation=&#8221;left-to-right&#8221; ct_image_align_md=&#8221;image_align_sm_left&#8221;][\/vc_column_inner][vc_column_inner width=&#8221;1\/2&#8243;][vc_column_text css_animation=&#8221;right-to-left&#8221; css=&#8221;.vc_custom_1721823478074{padding-left: 20px !important;}&#8221;] As a member of the Capstone group of companies, with headquarters in G\u00f6d\u00f6ll\u0151, we deal with the purchase, [&hellip;]<\/p>\n","protected":false},"author":1,"featured_media":0,"parent":0,"menu_order":0,"comment_status":"closed","ping_status":"closed","template":"","meta":{"footnotes":""},"class_list":["post-270","page","type-page","status-publish","hentry"],"_links":{"self":[{"href":"https:\/\/www.capstonetrade.hu\/en\/wp-json\/wp\/v2\/pages\/270","targetHints":{"allow":["GET"]}}],"collection":[{"href":"https:\/\/www.capstonetrade.hu\/en\/wp-json\/wp\/v2\/pages"}],"about":[{"href":"https:\/\/www.capstonetrade.hu\/en\/wp-json\/wp\/v2\/types\/page"}],"author":[{"embeddable":true,"href":"https:\/\/www.capstonetrade.hu\/en\/wp-json\/wp\/v2\/users\/1"}],"replies":[{"embeddable":true,"href":"https:\/\/www.capstonetrade.hu\/en\/wp-json\/wp\/v2\/comments?post=270"}],"version-history":[{"count":165,"href":"https:\/\/www.capstonetrade.hu\/en\/wp-json\/wp\/v2\/pages\/270\/revisions"}],"predecessor-version":[{"id":1199,"href":"https:\/\/www.capstonetrade.hu\/en\/wp-json\/wp\/v2\/pages\/270\/revisions\/1199"}],"wp:attachment":[{"href":"https:\/\/www.capstonetrade.hu\/en\/wp-json\/wp\/v2\/media?parent=270"}],"curies":[{"name":"wp","href":"https:\/\/api.w.org\/{rel}","templated":true}]}}